{"id":58,"date":"2023-06-14T14:28:15","date_gmt":"2023-06-14T12:28:15","guid":{"rendered":"https:\/\/aleksanderwielkiart.pl\/?page_id=58"},"modified":"2025-08-02T22:04:12","modified_gmt":"2025-08-02T20:04:12","slug":"about-me","status":"publish","type":"page","link":"https:\/\/aleksanderwielkiart.pl\/pl\/about-me\/","title":{"rendered":"O MNIE"},"content":{"rendered":"<div class=\"wp-block-columns alignwide is-layout-flex wp-container-core-columns-is-layout-28f84493 wp-block-columns-is-layout-flex\">\n<div class=\"wp-block-column is-layout-flow wp-block-column-is-layout-flow\">\n<figure class=\"wp-block-image size-large has-custom-border\"><img loading=\"lazy\" decoding=\"async\" width=\"819\" height=\"1024\" src=\"https:\/\/aleksanderwielkiart.pl\/wp-content\/uploads\/2025\/08\/1-56-819x1024.jpg\" alt=\"\" class=\"wp-image-1057\" style=\"border-width:2px\" srcset=\"https:\/\/aleksanderwielkiart.pl\/wp-content\/uploads\/2025\/08\/1-56-819x1024.jpg 819w, https:\/\/aleksanderwielkiart.pl\/wp-content\/uploads\/2025\/08\/1-56-240x300.jpg 240w, https:\/\/aleksanderwielkiart.pl\/wp-content\/uploads\/2025\/08\/1-56-768x960.jpg 768w, https:\/\/aleksanderwielkiart.pl\/wp-content\/uploads\/2025\/08\/1-56-1229x1536.jpg 1229w, https:\/\/aleksanderwielkiart.pl\/wp-content\/uploads\/2025\/08\/1-56-1638x2048.jpg 1638w, https:\/\/aleksanderwielkiart.pl\/wp-content\/uploads\/2025\/08\/1-56-10x12.jpg 10w, https:\/\/aleksanderwielkiart.pl\/wp-content\/uploads\/2025\/08\/1-56-scaled.jpg 2048w\" sizes=\"auto, (max-width: 819px) 100vw, 819px\" \/><\/figure>\n<\/div>\n\n\n\n<div class=\"wp-block-column is-layout-flow wp-block-column-is-layout-flow\">\n<p class=\"has-medium-font-size\">Obrazy tworz\u0119 chc\u0105c uchwyci\u0107 m\u00f3j spos\u00f3b patrzenia na \u015bwiat, zatrzymywania emocji i \u015bwiat\u0142a w momencie najbardziej intryguj\u0105cym. W oparciu o w\u0142asn\u0105 filozofi\u0119 za ka\u017cdym razem szukam odpowiedniej formy do realizacji danego pomys\u0142u. Przy ka\u017cdym nowym projekcie staram si\u0119 doskonali\u0107 staranno\u015b\u0107 wykonywanej pracy. Fotografi\u0119 postrzegam jako narz\u0119dzie nie tylko odzwierciedlaj\u0105ce rzeczywisto\u015b\u0107 ale r\u00f3wnie\u017c kreuj\u0105ce now\u0105, bazuj\u0105c\u0105 na mojej wolno\u015bci tw\u00f3rczej. Jestem otwarty na wsp\u00f3\u0142prac\u0119 z artystami.<\/p>\n\n\n\n<p class=\"has-medium-font-size\">Cel procesu tw\u00f3rczego, zwie\u0144czenie stwarzania,  to odnalezienie pi\u0119kna. Drog\u0105, jest zrozumieniem tej estetyki, dostrze\u017ceniem aspekt\u00f3w, poza tymi oczywistymi dla fotografii - wizualnymi, r\u00f3wnie\u017c duchowymi. Pi\u0119kno jest obrazem i emocjami kt\u00f3re za nim stoj\u0105, to po\u0142\u0105czenie musi by\u0107 naturalne ale i wyj\u0105tkowe. W tw\u00f3rczo\u015bci najch\u0119tniej poszukuj\u0119 melancholii i zadumy, warto\u015bci, kt\u00f3re w dzisiejszym \u015bwiecie przepad\u0142y, a ich poszukiwanie i definiowanie to moje g\u0142\u00f3wne zainteresowania.<\/p>\n\n\n\n<p class=\"has-medium-font-size\"><strong>Wsp\u00f3\u0142praca<\/strong><\/p>\n\n\n\n<p class=\"has-medium-font-size\">Zapraszam do kontaktu, w czasie kt\u00f3rego okre\u015blimy szczeg\u00f3\u0142y oraz charakterystyk\u0119 projektu, zdj\u0119\u0107 i zadecydujemy o dalszej wsp\u00f3\u0142pracy. Czas realizacji, terminy i ceny s\u0105 okre\u015blone na bazie konkretnego zlecenia.<\/p>\n\n\n\n<p class=\"has-medium-font-size\"><strong>2020<\/strong> \u2013 Wyr\u00f3\u017cnienie na og\u00f3lnopolskim konkursie PORTRET2020<\/p>\n\n\n\n<p class=\"has-medium-font-size\"><strong>2023<\/strong> \u2013 Wyr\u00f3\u017cnienie na og\u00f3lnopolskim konkursie PORTRET2023<\/p>\n<\/div>\n<\/div>\n\n\n\n<div class=\"wp-block-columns alignwide is-layout-flex wp-container-core-columns-is-layout-28f84493 wp-block-columns-is-layout-flex\">\n<div class=\"wp-block-column is-layout-flow wp-block-column-is-layout-flow\">\n<p class=\"has-archivo-font-family has-medium-font-size\" style=\"font-style:normal;font-weight:400;line-height:1.8\"><em>Aleksander Wielki. Urodzony we Wroc\u0142awiu w 2004. Obecnie studiuje na Akademii Sztuk Pi\u0119knych. Zajmuj\u0119 si\u0119 fotografi\u0105 cyfrow\u0105, filmem, fotografia wielkoformatow\u0105, technikami szlachetnymi oraz seriigrafi\u0105. Poprze studiowanie ludzkiego portretu, tworz\u0119 obrazy na pograniczu tradycyjnego kanonu i nowoczesnego indywidualizmu. \u017byj\u0119 i pracuj\u0119 w Krakowie.<\/em><\/p>\n<\/div>\n\n\n\n<div class=\"wp-block-column is-layout-flow wp-block-column-is-layout-flow\">\n<figure class=\"wp-block-image size-large\" style=\"margin-top:0;margin-bottom:0\"><img loading=\"lazy\" decoding=\"async\" width=\"781\" height=\"1024\" src=\"https:\/\/aleksanderwielkiart.pl\/wp-content\/uploads\/2024\/09\/badge-1-1-781x1024.jpg\" alt=\"\" class=\"wp-image-846\" srcset=\"https:\/\/aleksanderwielkiart.pl\/wp-content\/uploads\/2024\/09\/badge-1-1-781x1024.jpg 781w, https:\/\/aleksanderwielkiart.pl\/wp-content\/uploads\/2024\/09\/badge-1-1-229x300.jpg 229w, https:\/\/aleksanderwielkiart.pl\/wp-content\/uploads\/2024\/09\/badge-1-1-768x1007.jpg 768w, https:\/\/aleksanderwielkiart.pl\/wp-content\/uploads\/2024\/09\/badge-1-1-1172x1536.jpg 1172w, https:\/\/aleksanderwielkiart.pl\/wp-content\/uploads\/2024\/09\/badge-1-1-1562x2048.jpg 1562w, https:\/\/aleksanderwielkiart.pl\/wp-content\/uploads\/2024\/09\/badge-1-1-9x12.jpg 9w, https:\/\/aleksanderwielkiart.pl\/wp-content\/uploads\/2024\/09\/badge-1-1-scaled.jpg 1953w\" sizes=\"auto, (max-width: 781px) 100vw, 781px\" \/><\/figure>\n<\/div>\n<\/div>\n\n\n\n<p><\/p>","protected":false},"excerpt":{"rendered":"<p>I take photos, aiming to capture my perspective of the world, freezing emotions and light at the most intriguing moments. Based on my own philosophy, I always seek the appropriate form to bring a given idea to life. With each new project, I strive to enhance the precision of the work undertaken. I perceive photography [&hellip;]<\/p>\n","protected":false},"author":1,"featured_media":0,"parent":0,"menu_order":0,"comment_status":"closed","ping_status":"closed","template":"","meta":{"footnotes":""},"class_list":["post-58","page","type-page","status-publish","hentry"],"_links":{"self":[{"href":"https:\/\/aleksanderwielkiart.pl\/pl\/wp-json\/wp\/v2\/pages\/58","targetHints":{"allow":["GET"]}}],"collection":[{"href":"https:\/\/aleksanderwielkiart.pl\/pl\/wp-json\/wp\/v2\/pages"}],"about":[{"href":"https:\/\/aleksanderwielkiart.pl\/pl\/wp-json\/wp\/v2\/types\/page"}],"author":[{"embeddable":true,"href":"https:\/\/aleksanderwielkiart.pl\/pl\/wp-json\/wp\/v2\/users\/1"}],"replies":[{"embeddable":true,"href":"https:\/\/aleksanderwielkiart.pl\/pl\/wp-json\/wp\/v2\/comments?post=58"}],"version-history":[{"count":78,"href":"https:\/\/aleksanderwielkiart.pl\/pl\/wp-json\/wp\/v2\/pages\/58\/revisions"}],"predecessor-version":[{"id":1059,"href":"https:\/\/aleksanderwielkiart.pl\/pl\/wp-json\/wp\/v2\/pages\/58\/revisions\/1059"}],"wp:attachment":[{"href":"https:\/\/aleksanderwielkiart.pl\/pl\/wp-json\/wp\/v2\/media?parent=58"}],"curies":[{"name":"wp","href":"https:\/\/api.w.org\/{rel}","templated":true}]}}